{"id":696,"date":"2023-09-23T10:43:26","date_gmt":"2023-09-23T13:43:26","guid":{"rendered":"https:\/\/sindicato.milugama.com.br\/?page_id=696"},"modified":"2023-09-23T10:48:20","modified_gmt":"2023-09-23T13:48:20","slug":"termos-de-uso","status":"publish","type":"page","link":"https:\/\/seel-sp.org.br\/web\/termos-de-uso\/","title":{"rendered":"Termos de Uso"},"content":{"rendered":"\t\t<div data-elementor-type=\"wp-page\" data-elementor-id=\"696\" class=\"elementor elementor-696\" data-elementor-post-type=\"page\">\n\t\t\t\t<div class=\"elementor-element elementor-element-3bdc5928 e-flex e-con-boxed e-con e-parent\" data-id=\"3bdc5928\" data-element_type=\"container\">\n\t\t\t\t\t<div class=\"e-con-inner\">\n\t\t\t\t<div class=\"elementor-element elementor-element-718c194 elementor-widget elementor-widget-heading\" data-id=\"718c194\" data-element_type=\"widget\" data-widget_type=\"heading.default\">\n\t\t\t\t<div class=\"elementor-widget-container\">\n\t\t\t\t\t<h2 class=\"elementor-heading-title elementor-size-default\">Termos de Uso<\/h2>\t\t\t\t<\/div>\n\t\t\t\t<\/div>\n\t\t\t\t<div class=\"elementor-element elementor-element-55822ef9 elementor-widget elementor-widget-text-editor\" data-id=\"55822ef9\" data-element_type=\"widget\" data-widget_type=\"text-editor.default\">\n\t\t\t\t<div class=\"elementor-widget-container\">\n\t\t\t\t\t\t\t\t\t<p><\/p>\n<p>1. Termos<\/p>\n<p>Ao acessar ao site SEEL \u2013 Sindicato dos Trabalhadores em Empresas Editoras de Livros, Publica\u00e7\u00f5es Culturais e Categorias Afins do Estado de S\u00e3o Paulo, voc\u00ea concorda em cumprir estes termos de servi\u00e7o, todas as leis e regulamentos aplic\u00e1veis e concorda que \u00e9 respons\u00e1vel pelo cumprimento de todas as leis locais aplic\u00e1veis. Se voc\u00ea n\u00e3o concordar com algum desses termos, est\u00e1 proibido de usar ou acessar este site. Os materiais contidos neste site s\u00e3o protegidos pelas leis de direitos autorais e marcas comerciais aplic\u00e1veis.<\/p>\n<p>2. Uso de Licen\u00e7a<\/p>\n<p>\u00c9 concedida permiss\u00e3o para baixar temporariamente uma c\u00f3pia dos materiais (informa\u00e7\u00f5es ou software) no site SEEL \u2013 Sindicato dos Trabalhadores em Empresas Editoras de Livros, Publica\u00e7\u00f5es Culturais e Categorias Afins do Estado de S\u00e3o Paulo, apenas para visualiza\u00e7\u00e3o transit\u00f3ria pessoal e n\u00e3o comercial. Esta \u00e9 a concess\u00e3o de uma licen\u00e7a, n\u00e3o uma transfer\u00eancia de t\u00edtulo e, sob esta licen\u00e7a, voc\u00ea n\u00e3o pode:\u00a0modificar ou copiar os materiais;\u00a0usar os materiais para qualquer finalidade comercial ou para exibi\u00e7\u00e3o p\u00fablica (comercial ou n\u00e3o comercial);\u00a0tentar descompilar ou fazer engenharia reversa de qualquer software contido no site SEEL \u2013 Sindicato dos Trabalhadores em Empresas Editoras de Livros, Publica\u00e7\u00f5es Culturais e Categorias Afins do Estado de S\u00e3o Paulo;\u00a0remover quaisquer direitos autorais ou outras nota\u00e7\u00f5es de propriedade dos materiais; ou\u00a0transferir os materiais para outra pessoa ou &#8216;espelhe&#8217; os materiais em qualquer outro servidor. Esta licen\u00e7a ser\u00e1 automaticamente rescindida se voc\u00ea violar alguma dessas restri\u00e7\u00f5es e poder\u00e1 ser rescindida por SEEL \u2013 Sindicato dos Trabalhadores em Empresas Editoras de Livros, Publica\u00e7\u00f5es Culturais e Categorias Afins do Estado de S\u00e3o Paulo a qualquer momento.\u00a0<\/p>\n<p>Ao encerrar a visualiza\u00e7\u00e3o desses materiais ou ap\u00f3s o t\u00e9rmino desta licen\u00e7a, voc\u00ea deve apagar todos os materiais baixados em sua posse, seja em formato eletr\u00f4nico ou impresso.<\/p>\n<p>3. Isen\u00e7\u00e3o de responsabilidade<\/p>\n<p>Os materiais no site da SEEL \u2013 Sindicato dos Trabalhadores em Empresas Editoras de Livros, Publica\u00e7\u00f5es Culturais e Categorias Afins do Estado de S\u00e3o Paulo s\u00e3o fornecidos &#8216;como est\u00e3o&#8217;.\u00a0<\/p>\n<p>SEEL \u2013 Sindicato dos Trabalhadores em Empresas Editoras de Livros, Publica\u00e7\u00f5es Culturais e Categorias Afins do Estado de S\u00e3o Paulo n\u00e3o oferece garantias, expressas ou impl\u00edcitas, e, por este meio, isenta e nega todas as outras garantias, incluindo, sem limita\u00e7\u00e3o, garantias impl\u00edcitas ou condi\u00e7\u00f5es de comercializa\u00e7\u00e3o, adequa\u00e7\u00e3o a um fim espec\u00edfico ou n\u00e3o viola\u00e7\u00e3o de propriedade intelectual ou outra viola\u00e7\u00e3o de direitos. Al\u00e9m disso, o SEEL \u2013 Sindicato dos Trabalhadores em Empresas Editoras de Livros, Publica\u00e7\u00f5es Culturais e Categorias Afins do Estado de S\u00e3o Paulo n\u00e3o garante ou faz qualquer representa\u00e7\u00e3o relativa \u00e0 precis\u00e3o, aos resultados prov\u00e1veis ou \u00e0 confiabilidade do uso dos materiais em seu site ou de outra forma relacionado a esses materiais ou em sites vinculados a este site.<\/p>\n<p>4. Limita\u00e7\u00f5es<\/p>\n<p>Em nenhum caso o SEEL \u2013 Sindicato dos Trabalhadores em Empresas Editoras de Livros, Publica\u00e7\u00f5es Culturais e Categorias Afins do Estado de S\u00e3o Paulo ou seus fornecedores ser\u00e3o respons\u00e1veis por quaisquer danos (incluindo, sem limita\u00e7\u00e3o, danos por perda de dados ou lucro ou devido a interrup\u00e7\u00e3o dos neg\u00f3cios) decorrentes do uso ou da incapacidade de usar os materiais em SEEL \u2013 Sindicato dos Trabalhadores em Empresas Editoras de Livros, Publica\u00e7\u00f5es Culturais e Categorias Afins do Estado de S\u00e3o Paulo, mesmo que SEEL \u2013 Sindicato dos Trabalhadores em Empresas Editoras de Livros, Publica\u00e7\u00f5es Culturais e Categorias Afins do Estado de S\u00e3o Paulo ou um representante autorizado da SEEL \u2013 Sindicato dos Trabalhadores em Empresas Editoras de Livros, Publica\u00e7\u00f5es Culturais e Categorias Afins do Estado de S\u00e3o Paulo tenha sido notificado oralmente ou por escrito da possibilidade de tais danos.\u00a0<\/p>\n<p>Como algumas jurisdi\u00e7\u00f5es n\u00e3o permitem limita\u00e7\u00f5es em garantias impl\u00edcitas, ou limita\u00e7\u00f5es de responsabilidade por danos conseq\u00fcentes ou incidentais, essas limita\u00e7\u00f5es podem n\u00e3o se aplicar a voc\u00ea.<\/p>\n<p>5. Precis\u00e3o dos materiais<\/p>\n<p>Os materiais exibidos no site da SEEL \u2013 Sindicato dos Trabalhadores em Empresas Editoras de Livros, Publica\u00e7\u00f5es Culturais e Categorias Afins do Estado de S\u00e3o Paulo podem incluir erros t\u00e9cnicos, tipogr\u00e1ficos ou fotogr\u00e1ficos. SEEL \u2013 Sindicato dos Trabalhadores em Empresas Editoras de Livros, Publica\u00e7\u00f5es Culturais e Categorias Afins do Estado de S\u00e3o Paulo n\u00e3o garante que qualquer material em seu site seja preciso, completo ou atual. SEEL \u2013 Sindicato dos Trabalhadores em Empresas Editoras de Livros, Publica\u00e7\u00f5es Culturais e Categorias Afins do Estado de S\u00e3o Paulo pode fazer altera\u00e7\u00f5es nos materiais contidos em seu site a qualquer momento, sem aviso pr\u00e9vio. No entanto, SEEL \u2013 Sindicato dos Trabalhadores em Empresas Editoras de Livros, Publica\u00e7\u00f5es Culturais e Categorias Afins do Estado de S\u00e3o Paulo n\u00e3o se compromete a atualizar os materiais.<\/p>\n<p><span style=\"color: var( --e-global-color-text ); font-family: var( --e-global-typography-text-font-family ), Sans-serif; font-size: var( --e-global-typography-text-font-size ); font-weight: var( --e-global-typography-text-font-weight ); text-align: var(--text-align); background-color: var( --e-global-color-c62d7e9 );\">6. Links<\/span><\/p>\n<p><span style=\"color: var( --e-global-color-text ); font-family: var( --e-global-typography-text-font-family ), Sans-serif; font-size: var( --e-global-typography-text-font-size ); font-weight: var( --e-global-typography-text-font-weight ); text-align: var(--text-align); background-color: var( --e-global-color-c62d7e9 );\">O SEEL \u2013 Sindicato dos Trabalhadores em Empresas Editoras de Livros, Publica\u00e7\u00f5es Culturais e Categorias Afins do Estado de S\u00e3o Paulo n\u00e3o analisou todos os sites vinculados ao seu site e n\u00e3o \u00e9 respons\u00e1vel pelo conte\u00fado de nenhum site vinculado. A inclus\u00e3o de qualquer link n\u00e3o implica endosso por SEEL \u2013 Sindicato dos Trabalhadores em Empresas Editoras de Livros, Publica\u00e7\u00f5es Culturais e Categorias Afins do Estado de S\u00e3o Paulo do site. O uso de qualquer site vinculado \u00e9 por conta e risco do usu\u00e1rio.<\/span><\/p>\n<p><span style=\"color: var( --e-global-color-text ); font-family: var( --e-global-typography-text-font-family ), Sans-serif; font-size: var( --e-global-typography-text-font-size ); font-weight: var( --e-global-typography-text-font-weight ); text-align: var(--text-align); background-color: var( --e-global-color-c62d7e9 );\">Modifica\u00e7\u00f5es<\/span><\/p>\n<p><span style=\"color: var( --e-global-color-text ); font-family: var( --e-global-typography-text-font-family ), Sans-serif; font-size: var( --e-global-typography-text-font-size ); font-weight: var( --e-global-typography-text-font-weight ); text-align: var(--text-align); background-color: var( --e-global-color-c62d7e9 );\">O SEEL \u2013 Sindicato dos Trabalhadores em Empresas Editoras de Livros, Publica\u00e7\u00f5es Culturais e Categorias Afins do Estado de S\u00e3o Paulo pode revisar estes termos de servi\u00e7o do site a qualquer momento, sem aviso pr\u00e9vio. Ao usar este site, voc\u00ea concorda em ficar vinculado \u00e0 vers\u00e3o atual desses termos de servi\u00e7o.<\/span><\/p>\n<p><span style=\"color: var( --e-global-color-text ); font-family: var( --e-global-typography-text-font-family ), Sans-serif; font-size: var( --e-global-typography-text-font-size ); font-weight: var( --e-global-typography-text-font-weight ); text-align: var(--text-align); background-color: var( --e-global-color-c62d7e9 );\">Lei aplic\u00e1vel<\/span><\/p>\n<p><span style=\"color: var( --e-global-color-text ); font-family: var( --e-global-typography-text-font-family ), Sans-serif; font-size: var( --e-global-typography-text-font-size ); font-weight: var( --e-global-typography-text-font-weight ); text-align: var(--text-align); background-color: var( --e-global-color-c62d7e9 );\">Estes termos e condi\u00e7\u00f5es s\u00e3o regidos e interpretados de acordo com as leis do SEEL \u2013 Sindicato dos Trabalhadores em Empresas Editoras de Livros, Publica\u00e7\u00f5es Culturais e Categorias Afins do Estado de S\u00e3o Paulo e voc\u00ea se submete irrevogavelmente \u00e0 jurisdi\u00e7\u00e3o exclusiva dos tribunais naquele estado ou localidade.<\/span><\/p>\n<p><\/p>\t\t\t\t\t\t\t\t<\/div>\n\t\t\t\t<\/div>\n\t\t\t\t\t<\/div>\n\t\t\t\t<\/div>\n\t\t\t\t<\/div>\n\t\t","protected":false},"excerpt":{"rendered":"<p>Termos de Uso 1. Termos Ao acessar ao site SEEL \u2013 Sindicato dos Trabalhadores em Empresas Editoras de Livros, Publica\u00e7\u00f5es Culturais e Categorias Afins do Estado de S\u00e3o Paulo, voc\u00ea concorda em cumprir estes termos de servi\u00e7o, todas as leis e regulamentos aplic\u00e1veis e concorda que \u00e9 respons\u00e1vel pelo cumprimento de todas as leis locais [&hellip;]<\/p>\n","protected":false},"author":2,"featured_media":0,"parent":0,"menu_order":0,"comment_status":"closed","ping_status":"closed","template":"","meta":{"footnotes":""},"class_list":["post-696","page","type-page","status-publish","hentry"],"_links":{"self":[{"href":"https:\/\/seel-sp.org.br\/web\/wp-json\/wp\/v2\/pages\/696","targetHints":{"allow":["GET"]}}],"collection":[{"href":"https:\/\/seel-sp.org.br\/web\/wp-json\/wp\/v2\/pages"}],"about":[{"href":"https:\/\/seel-sp.org.br\/web\/wp-json\/wp\/v2\/types\/page"}],"author":[{"embeddable":true,"href":"https:\/\/seel-sp.org.br\/web\/wp-json\/wp\/v2\/users\/2"}],"replies":[{"embeddable":true,"href":"https:\/\/seel-sp.org.br\/web\/wp-json\/wp\/v2\/comments?post=696"}],"version-history":[{"count":7,"href":"https:\/\/seel-sp.org.br\/web\/wp-json\/wp\/v2\/pages\/696\/revisions"}],"predecessor-version":[{"id":703,"href":"https:\/\/seel-sp.org.br\/web\/wp-json\/wp\/v2\/pages\/696\/revisions\/703"}],"wp:attachment":[{"href":"https:\/\/seel-sp.org.br\/web\/wp-json\/wp\/v2\/media?parent=696"}],"curies":[{"name":"wp","href":"https:\/\/api.w.org\/{rel}","templated":true}]}}