{"id":67,"date":"2023-09-05T09:28:27","date_gmt":"2023-09-05T12:28:27","guid":{"rendered":"https:\/\/seel-sp.org.br\/web\/?page_id=67"},"modified":"2023-09-29T19:00:50","modified_gmt":"2023-09-29T22:00:50","slug":"eventos","status":"publish","type":"page","link":"https:\/\/seel-sp.org.br\/web\/eventos\/","title":{"rendered":"Eventos"},"content":{"rendered":"\t\t<div data-elementor-type=\"wp-page\" data-elementor-id=\"67\" class=\"elementor elementor-67\" data-elementor-post-type=\"page\">\n\t\t\t\t<div class=\"elementor-element elementor-element-4cc4da5 e-flex e-con-boxed e-con e-parent\" data-id=\"4cc4da5\" data-element_type=\"container\">\n\t\t\t\t\t<div class=\"e-con-inner\">\n\t\t\t\t<div class=\"elementor-element elementor-element-5e6a9fc elementor-widget elementor-widget-heading\" data-id=\"5e6a9fc\" data-element_type=\"widget\" data-widget_type=\"heading.default\">\n\t\t\t\t<div class=\"elementor-widget-container\">\n\t\t\t\t\t<h2 class=\"elementor-heading-title elementor-size-default\">Eventos<\/h2>\t\t\t\t<\/div>\n\t\t\t\t<\/div>\n\t\t\t\t<div class=\"elementor-element elementor-element-eb0c72e elementor-grid-3 elementor-grid-tablet-2 elementor-grid-mobile-1 elementor-widget elementor-widget-loop-grid\" data-id=\"eb0c72e\" data-element_type=\"widget\" data-settings=\"{&quot;template_id&quot;:&quot;432&quot;,&quot;_skin&quot;:&quot;post&quot;,&quot;columns&quot;:&quot;3&quot;,&quot;columns_tablet&quot;:&quot;2&quot;,&quot;columns_mobile&quot;:&quot;1&quot;,&quot;edit_handle_selector&quot;:&quot;[data-elementor-type=\\&quot;loop-item\\&quot;]&quot;,&quot;row_gap&quot;:{&quot;unit&quot;:&quot;px&quot;,&quot;size&quot;:&quot;&quot;,&quot;sizes&quot;:[]},&quot;row_gap_tablet&quot;:{&quot;unit&quot;:&quot;px&quot;,&quot;size&quot;:&quot;&quot;,&quot;sizes&quot;:[]},&quot;row_gap_mobile&quot;:{&quot;unit&quot;:&quot;px&quot;,&quot;size&quot;:&quot;&quot;,&quot;sizes&quot;:[]}}\" data-widget_type=\"loop-grid.post\">\n\t\t\t\t<div class=\"elementor-widget-container\">\n\t\t\t\t\t\t\t<div class=\"elementor-loop-container elementor-grid\">\n\t\t<style id=\"loop-432\">.elementor-432 .elementor-element.elementor-element-6103856{--display:flex;--flex-direction:column;--container-widget-width:100%;--container-widget-height:initial;--container-widget-flex-grow:0;--container-widget-align-self:initial;--flex-wrap-mobile:wrap;--gap:12px 12px;--row-gap:12px;--column-gap:12px;--margin-top:0px;--margin-bottom:0px;--margin-left:0px;--margin-right:0px;--padding-top:0px;--padding-bottom:0px;--padding-left:0px;--padding-right:0px;}.elementor-widget-theme-post-featured-image .widget-image-caption{color:var( --e-global-color-text );font-family:var( --e-global-typography-text-font-family ), Sans-serif;font-size:var( --e-global-typography-text-font-size );font-weight:var( --e-global-typography-text-font-weight );}.elementor-widget-theme-post-title .elementor-heading-title{font-family:var( --e-global-typography-primary-font-family ), Sans-serif;font-size:var( --e-global-typography-primary-font-size );font-weight:var( --e-global-typography-primary-font-weight );color:var( --e-global-color-primary );}.elementor-432 .elementor-element.elementor-element-8d7272c .elementor-heading-title{font-family:\"Inter\", Sans-serif;font-size:18px;font-weight:600;line-height:23px;}.elementor-widget-theme-post-excerpt .elementor-widget-container{color:var( --e-global-color-text );font-family:var( --e-global-typography-text-font-family ), Sans-serif;font-size:var( --e-global-typography-text-font-size );font-weight:var( --e-global-typography-text-font-weight );}.elementor-432 .elementor-element.elementor-element-6b88b59 .elementor-widget-container{font-family:\"Inter\", Sans-serif;font-size:15px;font-weight:400;line-height:22px;}.elementor-widget-heading .elementor-heading-title{font-family:var( --e-global-typography-primary-font-family ), Sans-serif;font-size:var( --e-global-typography-primary-font-size );font-weight:var( --e-global-typography-primary-font-weight );color:var( --e-global-color-primary );}.elementor-432 .elementor-element.elementor-element-3b0ba6f .elementor-heading-title{font-family:\"Inter\", Sans-serif;font-size:16px;font-weight:500;color:var( --e-global-color-accent );}@media(min-width:768px){.elementor-432 .elementor-element.elementor-element-6103856{--content-width:1200px;}}@media(max-width:1024px){.elementor-widget-theme-post-featured-image .widget-image-caption{font-size:var( --e-global-typography-text-font-size );}.elementor-widget-theme-post-title .elementor-heading-title{font-size:var( --e-global-typography-primary-font-size );}.elementor-widget-theme-post-excerpt .elementor-widget-container{font-size:var( --e-global-typography-text-font-size );}.elementor-widget-heading .elementor-heading-title{font-size:var( --e-global-typography-primary-font-size );}}@media(max-width:767px){.elementor-widget-theme-post-featured-image .widget-image-caption{font-size:var( --e-global-typography-text-font-size );}.elementor-widget-theme-post-title .elementor-heading-title{font-size:var( --e-global-typography-primary-font-size );}.elementor-widget-theme-post-excerpt .elementor-widget-container{font-size:var( --e-global-typography-text-font-size );}.elementor-widget-heading .elementor-heading-title{font-size:var( --e-global-typography-primary-font-size );}}<\/style>\t\t<div data-elementor-type=\"loop-item\" data-elementor-id=\"432\" class=\"elementor elementor-432 e-loop-item e-loop-item-920 post-920 post type-post status-publish format-standard has-post-thumbnail hentry category-convencoes-coletivas category-eventos category-noticias category-seel tag-auxilio-creche-2 tag-beneficios tag-combate-assedio-sexual-no-trabalho tag-dia-internacional-da-mulher tag-licenca-maternidade tag-oposicao\" data-elementor-post-type=\"elementor_library\" data-custom-edit-handle=\"1\">\n\t\t\t<div class=\"elementor-element elementor-element-6103856 e-flex e-con-boxed e-con e-parent\" data-id=\"6103856\" data-element_type=\"container\">\n\t\t\t\t\t<div class=\"e-con-inner\">\n\t\t\t\t<div class=\"elementor-element elementor-element-a7c786c elementor-widget elementor-widget-theme-post-featured-image elementor-widget-image\" data-id=\"a7c786c\" data-element_type=\"widget\" data-widget_type=\"theme-post-featured-image.default\">\n\t\t\t\t<div class=\"elementor-widget-container\">\n\t\t\t\t\t\t\t\t\t\t\t\t\t\t\t<img fetchpriority=\"high\" decoding=\"async\" width=\"337\" height=\"335\" src=\"https:\/\/seel-sp.org.br\/web\/wp-content\/uploads\/2024\/03\/VIVA-SEEL_8MAR.png\" class=\"attachment-medium_large size-medium_large wp-image-921\" alt=\"SEEL, h\u00e1 mais de 60 anos apoiando nossa LUTA! #VIVA_SEEL\" srcset=\"https:\/\/seel-sp.org.br\/web\/wp-content\/uploads\/2024\/03\/VIVA-SEEL_8MAR.png 337w, https:\/\/seel-sp.org.br\/web\/wp-content\/uploads\/2024\/03\/VIVA-SEEL_8MAR-300x298.png 300w, https:\/\/seel-sp.org.br\/web\/wp-content\/uploads\/2024\/03\/VIVA-SEEL_8MAR-150x150.png 150w\" sizes=\"(max-width: 337px) 100vw, 337px\" \/>\t\t\t\t\t\t\t\t\t\t\t\t\t\t\t<\/div>\n\t\t\t\t<\/div>\n\t\t\t\t<div class=\"elementor-element elementor-element-8d7272c elementor-widget elementor-widget-theme-post-title elementor-page-title elementor-widget-heading\" data-id=\"8d7272c\" data-element_type=\"widget\" data-widget_type=\"theme-post-title.default\">\n\t\t\t\t<div class=\"elementor-widget-container\">\n\t\t\t\t\t<h1 class=\"elementor-heading-title elementor-size-default\">8 de Mar\u00e7o: Uma hist\u00f3ria de lutas e conquistas!<\/h1>\t\t\t\t<\/div>\n\t\t\t\t<\/div>\n\t\t\t\t<div class=\"elementor-element elementor-element-6b88b59 elementor-widget elementor-widget-theme-post-excerpt\" data-id=\"6b88b59\" data-element_type=\"widget\" data-widget_type=\"theme-post-excerpt.default\">\n\t\t\t\t<div class=\"elementor-widget-container\">\n\t\t\t\t\tNo m\u00eas de mar\u00e7o, celebramos o Dia Internacional das Mulheres - SEEL h\u00e1 mais de 60 anos apoiando nossa luta! ...\t\t\t\t<\/div>\n\t\t\t\t<\/div>\n\t\t\t\t<div class=\"elementor-element elementor-element-3b0ba6f elementor-widget elementor-widget-heading\" data-id=\"3b0ba6f\" data-element_type=\"widget\" data-widget_type=\"heading.default\">\n\t\t\t\t<div class=\"elementor-widget-container\">\n\t\t\t\t\t<h2 class=\"elementor-heading-title elementor-size-default\"><a href=\"https:\/\/seel-sp.org.br\/web\/8-de-marco-uma-historia-de-lutas-e-conquistas\/\">Leia mais...<\/a><\/h2>\t\t\t\t<\/div>\n\t\t\t\t<\/div>\n\t\t\t\t\t<\/div>\n\t\t\t\t<\/div>\n\t\t\t\t<\/div>\n\t\t\t\t<\/div>\n\t\t\n\t\t\t\t\t\t<\/div>\n\t\t\t\t<\/div>\n\t\t\t\t\t<\/div>\n\t\t\t\t<\/div>\n\t\t\t\t<\/div>\n\t\t","protected":false},"excerpt":{"rendered":"<p>Eventos<\/p>\n","protected":false},"author":2,"featured_media":0,"parent":0,"menu_order":0,"comment_status":"closed","ping_status":"closed","template":"elementor_header_footer","meta":{"footnotes":""},"class_list":["post-67","page","type-page","status-publish","hentry"],"_links":{"self":[{"href":"https:\/\/seel-sp.org.br\/web\/wp-json\/wp\/v2\/pages\/67","targetHints":{"allow":["GET"]}}],"collection":[{"href":"https:\/\/seel-sp.org.br\/web\/wp-json\/wp\/v2\/pages"}],"about":[{"href":"https:\/\/seel-sp.org.br\/web\/wp-json\/wp\/v2\/types\/page"}],"author":[{"embeddable":true,"href":"https:\/\/seel-sp.org.br\/web\/wp-json\/wp\/v2\/users\/2"}],"replies":[{"embeddable":true,"href":"https:\/\/seel-sp.org.br\/web\/wp-json\/wp\/v2\/comments?post=67"}],"version-history":[{"count":7,"href":"https:\/\/seel-sp.org.br\/web\/wp-json\/wp\/v2\/pages\/67\/revisions"}],"predecessor-version":[{"id":841,"href":"https:\/\/seel-sp.org.br\/web\/wp-json\/wp\/v2\/pages\/67\/revisions\/841"}],"wp:attachment":[{"href":"https:\/\/seel-sp.org.br\/web\/wp-json\/wp\/v2\/media?parent=67"}],"curies":[{"name":"wp","href":"https:\/\/api.w.org\/{rel}","templated":true}]}}