{"id":65,"date":"2023-09-05T09:28:07","date_gmt":"2023-09-05T12:28:07","guid":{"rendered":"https:\/\/seel-sp.org.br\/web\/?page_id=65"},"modified":"2023-09-29T19:02:38","modified_gmt":"2023-09-29T22:02:38","slug":"depodon","status":"publish","type":"page","link":"https:\/\/seel-sp.org.br\/web\/depodon\/","title":{"rendered":"Depodon"},"content":{"rendered":"\t\t<div data-elementor-type=\"wp-page\" data-elementor-id=\"65\" class=\"elementor elementor-65\" data-elementor-post-type=\"page\">\n\t\t\t\t<div class=\"elementor-element elementor-element-7beaef1 e-flex e-con-boxed e-con e-parent\" data-id=\"7beaef1\" data-element_type=\"container\">\n\t\t\t\t\t<div class=\"e-con-inner\">\n\t\t\t\t<div class=\"elementor-element elementor-element-7556880 elementor-widget elementor-widget-heading\" data-id=\"7556880\" data-element_type=\"widget\" data-widget_type=\"heading.default\">\n\t\t\t\t<div class=\"elementor-widget-container\">\n\t\t\t\t\t<h2 class=\"elementor-heading-title elementor-size-default\">Depodon<\/h2>\t\t\t\t<\/div>\n\t\t\t\t<\/div>\n\t\t\t\t<div class=\"elementor-element elementor-element-761cce1e elementor-widget elementor-widget-text-editor\" data-id=\"761cce1e\" data-element_type=\"widget\" data-widget_type=\"text-editor.default\">\n\t\t\t\t<div class=\"elementor-widget-container\">\n\t\t\t\t\t\t\t\t\t\n<p>A higiene bucal n\u00e3o \u00e9 apenas uma quest\u00e3o est\u00e9tica, j\u00e1 que muitos problemas de sa\u00fade come\u00e7am pela boca. Por isso, o SEEL disponibiliza, para os seus associados e dependentes, o Departamento Odontol\u00f3gico (DEPODON), no qual poder\u00e3o realizar o tratamento por pre\u00e7o abaixo do mercado. Para mais informa\u00e7\u00f5es e orienta\u00e7\u00f5es, ligue para 5908-8230.<\/p>\n\t\t\t\t\t\t\t\t<\/div>\n\t\t\t\t<\/div>\n\t\t\t\t<div class=\"elementor-element elementor-element-a5b994b elementor-widget elementor-widget-heading\" data-id=\"a5b994b\" data-element_type=\"widget\" data-widget_type=\"heading.default\">\n\t\t\t\t<div class=\"elementor-widget-container\">\n\t\t\t\t\t<h2 class=\"elementor-heading-title elementor-size-default\">Preven\u00e7\u00e3o, Periodontia e Dent\u00edstica<\/h2>\t\t\t\t<\/div>\n\t\t\t\t<\/div>\n\t\t\t\t<div class=\"elementor-element elementor-element-b731f53 elementor-widget elementor-widget-text-editor\" data-id=\"b731f53\" data-element_type=\"widget\" data-widget_type=\"text-editor.default\">\n\t\t\t\t<div class=\"elementor-widget-container\">\n\t\t\t\t\t\t\t\t\t\n<p>Valor do piso referencial: R$ 1.400,00.<\/p>\n\t\t\t\t\t\t\t\t<\/div>\n\t\t\t\t<\/div>\n\t\t\t\t\t<\/div>\n\t\t\t\t<\/div>\n\t\t\t\t<\/div>\n\t\t","protected":false},"excerpt":{"rendered":"<p>Depodon A higiene bucal n\u00e3o \u00e9 apenas uma quest\u00e3o est\u00e9tica, j\u00e1 que muitos problemas de sa\u00fade come\u00e7am pela boca. Por isso, o SEEL disponibiliza, para os seus associados e dependentes, o Departamento Odontol\u00f3gico (DEPODON), no qual poder\u00e3o realizar o tratamento por pre\u00e7o abaixo do mercado. Para mais informa\u00e7\u00f5es e orienta\u00e7\u00f5es, ligue para 5908-8230. Preven\u00e7\u00e3o, Periodontia [&hellip;]<\/p>\n","protected":false},"author":2,"featured_media":0,"parent":0,"menu_order":0,"comment_status":"closed","ping_status":"closed","template":"elementor_header_footer","meta":{"footnotes":""},"class_list":["post-65","page","type-page","status-publish","hentry"],"_links":{"self":[{"href":"https:\/\/seel-sp.org.br\/web\/wp-json\/wp\/v2\/pages\/65","targetHints":{"allow":["GET"]}}],"collection":[{"href":"https:\/\/seel-sp.org.br\/web\/wp-json\/wp\/v2\/pages"}],"about":[{"href":"https:\/\/seel-sp.org.br\/web\/wp-json\/wp\/v2\/types\/page"}],"author":[{"embeddable":true,"href":"https:\/\/seel-sp.org.br\/web\/wp-json\/wp\/v2\/users\/2"}],"replies":[{"embeddable":true,"href":"https:\/\/seel-sp.org.br\/web\/wp-json\/wp\/v2\/comments?post=65"}],"version-history":[{"count":12,"href":"https:\/\/seel-sp.org.br\/web\/wp-json\/wp\/v2\/pages\/65\/revisions"}],"predecessor-version":[{"id":852,"href":"https:\/\/seel-sp.org.br\/web\/wp-json\/wp\/v2\/pages\/65\/revisions\/852"}],"wp:attachment":[{"href":"https:\/\/seel-sp.org.br\/web\/wp-json\/wp\/v2\/media?parent=65"}],"curies":[{"name":"wp","href":"https:\/\/api.w.org\/{rel}","templated":true}]}}