{"id":63,"date":"2023-09-05T09:27:49","date_gmt":"2023-09-05T12:27:49","guid":{"rendered":"https:\/\/seel-sp.org.br\/web\/?page_id=63"},"modified":"2023-09-29T18:58:53","modified_gmt":"2023-09-29T21:58:53","slug":"o-sell","status":"publish","type":"page","link":"https:\/\/seel-sp.org.br\/web\/o-sell\/","title":{"rendered":"O SEEL"},"content":{"rendered":"\t\t<div data-elementor-type=\"wp-page\" data-elementor-id=\"63\" class=\"elementor elementor-63\" data-elementor-post-type=\"page\">\n\t\t\t\t<div class=\"elementor-element elementor-element-3455acec e-flex e-con-boxed e-con e-parent\" data-id=\"3455acec\" data-element_type=\"container\">\n\t\t\t\t\t<div class=\"e-con-inner\">\n\t\t\t\t<div class=\"elementor-element elementor-element-f1fa96d elementor-widget elementor-widget-heading\" data-id=\"f1fa96d\" data-element_type=\"widget\" data-widget_type=\"heading.default\">\n\t\t\t\t<div class=\"elementor-widget-container\">\n\t\t\t\t\t<h2 class=\"elementor-heading-title elementor-size-default\">O SEEL-SP<\/h2>\t\t\t\t<\/div>\n\t\t\t\t<\/div>\n\t\t\t\t<div class=\"elementor-element elementor-element-60868955 elementor-widget elementor-widget-text-editor\" data-id=\"60868955\" data-element_type=\"widget\" data-widget_type=\"text-editor.default\">\n\t\t\t\t<div class=\"elementor-widget-container\">\n\t\t\t\t\t\t\t\t\t\n<p>O SEEL (Sindicato dos Empregados em Editoras de Livros) tem como fun\u00e7\u00e3o elementar defender os direitos e interesses dos trabalhadores associados diante do sindicato patronal, de empresas e do Estado. Para isso, a entidade disp\u00f5e de assessoria jur\u00eddica muito bem preparada para negociar acordos coletivos, orientar sobre in\u00fameras causas trabalhistas ou relativas \u00e0 aposentadoria. Tamb\u00e9m est\u00e1 no escopo do SEEL a participa\u00e7\u00e3o em mobiliza\u00e7\u00f5es que visam a defesa de toda a classe trabalhadora, a exemplo da campanha pela redu\u00e7\u00e3o da jornada de trabalho sem a redu\u00e7\u00e3o dos sal\u00e1rios.<\/p>\n\n\n\n<p>Um sindicato forte tamb\u00e9m deve ser comprometido com a qualidade de vida do trabalhador. Por isso, o pacote de benef\u00edcios do SEEL \u00e9 tamb\u00e9m um dos seus principais ativos. Entre esses benef\u00edcios est\u00e3o: atendimento odontol\u00f3gico, assist\u00eancia jur\u00eddica e descontos especiais em institui\u00e7\u00f5es de ensino para incentivar o trabalhador a manter o seu n\u00edvel de escolaridade e profissionaliza\u00e7\u00e3o. Conhe\u00e7a a nossa hist\u00f3ria, a nossa luta e junte-se a n\u00f3s!<\/p>\n\n\n\n<p><\/p>\n\n\n\n<p><\/p>\n\t\t\t\t\t\t\t\t<\/div>\n\t\t\t\t<\/div>\n\t\t\t\t<div class=\"elementor-element elementor-element-5d27524 elementor-widget elementor-widget-button\" data-id=\"5d27524\" data-element_type=\"widget\" data-widget_type=\"button.default\">\n\t\t\t\t<div class=\"elementor-widget-container\">\n\t\t\t\t\t\t\t\t\t<div class=\"elementor-button-wrapper\">\n\t\t\t\t\t<a class=\"elementor-button elementor-size-lg\" role=\"button\">\n\t\t\t\t\t\t<span class=\"elementor-button-content-wrapper\">\n\t\t\t\t\t\t\t\t\t<span class=\"elementor-button-text\">Preencha a Ficha de Sindicaliza\u00e7\u00e3o<\/span>\n\t\t\t\t\t<\/span>\n\t\t\t\t\t<\/a>\n\t\t\t\t<\/div>\n\t\t\t\t\t\t\t\t<\/div>\n\t\t\t\t<\/div>\n\t\t\t\t\t<\/div>\n\t\t\t\t<\/div>\n\t\t\t\t<\/div>\n\t\t","protected":false},"excerpt":{"rendered":"<p>O SEEL-SP O SEEL (Sindicato dos Empregados em Editoras de Livros) tem como fun\u00e7\u00e3o elementar defender os direitos e interesses dos trabalhadores associados diante do sindicato patronal, de empresas e do Estado. Para isso, a entidade disp\u00f5e de assessoria jur\u00eddica muito bem preparada para negociar acordos coletivos, orientar sobre in\u00fameras causas trabalhistas ou relativas \u00e0 [&hellip;]<\/p>\n","protected":false},"author":2,"featured_media":0,"parent":0,"menu_order":0,"comment_status":"closed","ping_status":"closed","template":"elementor_header_footer","meta":{"footnotes":""},"class_list":["post-63","page","type-page","status-publish","hentry"],"_links":{"self":[{"href":"https:\/\/seel-sp.org.br\/web\/wp-json\/wp\/v2\/pages\/63","targetHints":{"allow":["GET"]}}],"collection":[{"href":"https:\/\/seel-sp.org.br\/web\/wp-json\/wp\/v2\/pages"}],"about":[{"href":"https:\/\/seel-sp.org.br\/web\/wp-json\/wp\/v2\/types\/page"}],"author":[{"embeddable":true,"href":"https:\/\/seel-sp.org.br\/web\/wp-json\/wp\/v2\/users\/2"}],"replies":[{"embeddable":true,"href":"https:\/\/seel-sp.org.br\/web\/wp-json\/wp\/v2\/comments?post=63"}],"version-history":[{"count":15,"href":"https:\/\/seel-sp.org.br\/web\/wp-json\/wp\/v2\/pages\/63\/revisions"}],"predecessor-version":[{"id":833,"href":"https:\/\/seel-sp.org.br\/web\/wp-json\/wp\/v2\/pages\/63\/revisions\/833"}],"wp:attachment":[{"href":"https:\/\/seel-sp.org.br\/web\/wp-json\/wp\/v2\/media?parent=63"}],"curies":[{"name":"wp","href":"https:\/\/api.w.org\/{rel}","templated":true}]}}