{"id":612,"date":"2023-09-21T15:59:16","date_gmt":"2023-09-21T18:59:16","guid":{"rendered":"https:\/\/sindicato.milugama.com.br\/?page_id=612"},"modified":"2023-09-21T16:00:08","modified_gmt":"2023-09-21T19:00:08","slug":"novidades","status":"publish","type":"page","link":"https:\/\/seel-sp.org.br\/web\/novidades\/","title":{"rendered":"Novidades"},"content":{"rendered":"\t\t<div data-elementor-type=\"wp-page\" data-elementor-id=\"612\" class=\"elementor elementor-612\" data-elementor-post-type=\"page\">\n\t\t\t\t<div class=\"elementor-element elementor-element-4cc4da5 e-flex e-con-boxed e-con e-parent\" data-id=\"4cc4da5\" data-element_type=\"container\">\n\t\t\t\t\t<div class=\"e-con-inner\">\n\t\t\t\t<div class=\"elementor-element elementor-element-5e6a9fc elementor-widget elementor-widget-heading\" data-id=\"5e6a9fc\" data-element_type=\"widget\" data-widget_type=\"heading.default\">\n\t\t\t\t<div class=\"elementor-widget-container\">\n\t\t\t\t\t<h2 class=\"elementor-heading-title elementor-size-default\">Novidades<\/h2>\t\t\t\t<\/div>\n\t\t\t\t<\/div>\n\t\t\t\t<div class=\"elementor-element elementor-element-eb0c72e elementor-grid-3 elementor-grid-tablet-2 elementor-grid-mobile-1 elementor-widget elementor-widget-loop-grid\" data-id=\"eb0c72e\" data-element_type=\"widget\" data-settings=\"{&quot;template_id&quot;:&quot;432&quot;,&quot;_skin&quot;:&quot;post&quot;,&quot;columns&quot;:&quot;3&quot;,&quot;columns_tablet&quot;:&quot;2&quot;,&quot;columns_mobile&quot;:&quot;1&quot;,&quot;edit_handle_selector&quot;:&quot;[data-elementor-type=\\&quot;loop-item\\&quot;]&quot;,&quot;row_gap&quot;:{&quot;unit&quot;:&quot;px&quot;,&quot;size&quot;:&quot;&quot;,&quot;sizes&quot;:[]},&quot;row_gap_tablet&quot;:{&quot;unit&quot;:&quot;px&quot;,&quot;size&quot;:&quot;&quot;,&quot;sizes&quot;:[]},&quot;row_gap_mobile&quot;:{&quot;unit&quot;:&quot;px&quot;,&quot;size&quot;:&quot;&quot;,&quot;sizes&quot;:[]}}\" data-widget_type=\"loop-grid.post\">\n\t\t\t\t<div class=\"elementor-widget-container\">\n\t\t\t\t\t\t\t<div class=\"elementor-loop-container elementor-grid\">\n\t\t<style id=\"loop-432\">.elementor-432 .elementor-element.elementor-element-6103856{--display:flex;--flex-direction:column;--container-widget-width:100%;--container-widget-height:initial;--container-widget-flex-grow:0;--container-widget-align-self:initial;--flex-wrap-mobile:wrap;--gap:12px 12px;--row-gap:12px;--column-gap:12px;--margin-top:0px;--margin-bottom:0px;--margin-left:0px;--margin-right:0px;--padding-top:0px;--padding-bottom:0px;--padding-left:0px;--padding-right:0px;}.elementor-widget-theme-post-featured-image .widget-image-caption{color:var( --e-global-color-text );font-family:var( --e-global-typography-text-font-family ), Sans-serif;font-size:var( --e-global-typography-text-font-size );font-weight:var( --e-global-typography-text-font-weight );}.elementor-widget-theme-post-title .elementor-heading-title{font-family:var( --e-global-typography-primary-font-family ), Sans-serif;font-size:var( --e-global-typography-primary-font-size );font-weight:var( --e-global-typography-primary-font-weight );color:var( --e-global-color-primary );}.elementor-432 .elementor-element.elementor-element-8d7272c .elementor-heading-title{font-family:\"Inter\", Sans-serif;font-size:18px;font-weight:600;line-height:23px;}.elementor-widget-theme-post-excerpt .elementor-widget-container{color:var( --e-global-color-text );font-family:var( --e-global-typography-text-font-family ), Sans-serif;font-size:var( --e-global-typography-text-font-size );font-weight:var( --e-global-typography-text-font-weight );}.elementor-432 .elementor-element.elementor-element-6b88b59 .elementor-widget-container{font-family:\"Inter\", Sans-serif;font-size:15px;font-weight:400;line-height:22px;}.elementor-widget-heading .elementor-heading-title{font-family:var( --e-global-typography-primary-font-family ), Sans-serif;font-size:var( --e-global-typography-primary-font-size );font-weight:var( --e-global-typography-primary-font-weight );color:var( --e-global-color-primary );}.elementor-432 .elementor-element.elementor-element-3b0ba6f .elementor-heading-title{font-family:\"Inter\", Sans-serif;font-size:16px;font-weight:500;color:var( --e-global-color-accent );}@media(min-width:768px){.elementor-432 .elementor-element.elementor-element-6103856{--content-width:1200px;}}@media(max-width:1024px){.elementor-widget-theme-post-featured-image .widget-image-caption{font-size:var( --e-global-typography-text-font-size );}.elementor-widget-theme-post-title .elementor-heading-title{font-size:var( --e-global-typography-primary-font-size );}.elementor-widget-theme-post-excerpt .elementor-widget-container{font-size:var( --e-global-typography-text-font-size );}.elementor-widget-heading .elementor-heading-title{font-size:var( --e-global-typography-primary-font-size );}}@media(max-width:767px){.elementor-widget-theme-post-featured-image .widget-image-caption{font-size:var( --e-global-typography-text-font-size );}.elementor-widget-theme-post-title .elementor-heading-title{font-size:var( --e-global-typography-primary-font-size );}.elementor-widget-theme-post-excerpt .elementor-widget-container{font-size:var( --e-global-typography-text-font-size );}.elementor-widget-heading .elementor-heading-title{font-size:var( --e-global-typography-primary-font-size );}}<\/style>\t\t<div data-elementor-type=\"loop-item\" data-elementor-id=\"432\" class=\"elementor elementor-432 e-loop-item e-loop-item-955 post-955 post type-post status-publish format-standard has-post-thumbnail hentry category-noticias category-novidades tag-85 tag-carta tag-oposicao\" data-elementor-post-type=\"elementor_library\" data-custom-edit-handle=\"1\">\n\t\t\t<div class=\"elementor-element elementor-element-6103856 e-flex e-con-boxed e-con e-parent\" data-id=\"6103856\" data-element_type=\"container\">\n\t\t\t\t\t<div class=\"e-con-inner\">\n\t\t\t\t<div class=\"elementor-element elementor-element-a7c786c elementor-widget elementor-widget-theme-post-featured-image elementor-widget-image\" data-id=\"a7c786c\" data-element_type=\"widget\" data-widget_type=\"theme-post-featured-image.default\">\n\t\t\t\t<div class=\"elementor-widget-container\">\n\t\t\t\t\t\t\t\t\t\t\t\t\t\t\t<img fetchpriority=\"high\" decoding=\"async\" width=\"225\" height=\"225\" src=\"https:\/\/seel-sp.org.br\/web\/wp-content\/uploads\/2025\/03\/EXCECAO.png\" class=\"attachment-medium_large size-medium_large wp-image-956\" alt=\"CARTA, OPOSI\u00c7\u00c3O, EXCE\u00c7\u00c3O\" srcset=\"https:\/\/seel-sp.org.br\/web\/wp-content\/uploads\/2025\/03\/EXCECAO.png 225w, https:\/\/seel-sp.org.br\/web\/wp-content\/uploads\/2025\/03\/EXCECAO-150x150.png 150w\" sizes=\"(max-width: 225px) 100vw, 225px\" \/>\t\t\t\t\t\t\t\t\t\t\t\t\t\t\t<\/div>\n\t\t\t\t<\/div>\n\t\t\t\t<div class=\"elementor-element elementor-element-8d7272c elementor-widget elementor-widget-theme-post-title elementor-page-title elementor-widget-heading\" data-id=\"8d7272c\" data-element_type=\"widget\" data-widget_type=\"theme-post-title.default\">\n\t\t\t\t<div class=\"elementor-widget-container\">\n\t\t\t\t\t<h1 class=\"elementor-heading-title elementor-size-default\">Nota sobre o direito de oposi\u00e7\u00e3o 2025<\/h1>\t\t\t\t<\/div>\n\t\t\t\t<\/div>\n\t\t\t\t<div class=\"elementor-element elementor-element-6b88b59 elementor-widget elementor-widget-theme-post-excerpt\" data-id=\"6b88b59\" data-element_type=\"widget\" data-widget_type=\"theme-post-excerpt.default\">\n\t\t\t\t<div class=\"elementor-widget-container\">\n\t\t\t\t\t<p>Em car\u00e1ter extraordin\u00e1rio, a Diretoria do SEEL-SP decidiu estender o prazo de recebimento da oposi\u00e7\u00e3o na sede do Sindicato at\u00e9 o dia 12 de mar\u00e7o, ...\t\t\t\t<\/div>\n\t\t\t\t<\/div>\n\t\t\t\t<div class=\"elementor-element elementor-element-3b0ba6f elementor-widget elementor-widget-heading\" data-id=\"3b0ba6f\" data-element_type=\"widget\" data-widget_type=\"heading.default\">\n\t\t\t\t<div class=\"elementor-widget-container\">\n\t\t\t\t\t<h2 class=\"elementor-heading-title elementor-size-default\"><a href=\"https:\/\/seel-sp.org.br\/web\/nota-sobre-o-direito-de-oposicao-2025\/\">Leia mais...<\/a><\/h2>\t\t\t\t<\/div>\n\t\t\t\t<\/div>\n\t\t\t\t\t<\/div>\n\t\t\t\t<\/div>\n\t\t\t\t<\/div>\n\t\t\t\t<div data-elementor-type=\"loop-item\" data-elementor-id=\"432\" class=\"elementor elementor-432 e-loop-item e-loop-item-947 post-947 post type-post status-publish format-standard has-post-thumbnail hentry category-avisos category-noticias category-novidades category-seel tag-assistencial tag-cct tag-oposicao\" data-elementor-post-type=\"elementor_library\" data-custom-edit-handle=\"1\">\n\t\t\t<div class=\"elementor-element elementor-element-6103856 e-flex e-con-boxed e-con e-parent\" data-id=\"6103856\" data-element_type=\"container\">\n\t\t\t\t\t<div class=\"e-con-inner\">\n\t\t\t\t<div class=\"elementor-element elementor-element-a7c786c elementor-widget elementor-widget-theme-post-featured-image elementor-widget-image\" data-id=\"a7c786c\" data-element_type=\"widget\" data-widget_type=\"theme-post-featured-image.default\">\n\t\t\t\t<div class=\"elementor-widget-container\">\n\t\t\t\t\t\t\t\t\t\t\t\t\t\t\t<img decoding=\"async\" width=\"406\" height=\"229\" src=\"https:\/\/seel-sp.org.br\/web\/wp-content\/uploads\/2025\/02\/alerta.png\" class=\"attachment-medium_large size-medium_large wp-image-948\" alt=\"\" srcset=\"https:\/\/seel-sp.org.br\/web\/wp-content\/uploads\/2025\/02\/alerta.png 406w, https:\/\/seel-sp.org.br\/web\/wp-content\/uploads\/2025\/02\/alerta-300x169.png 300w\" sizes=\"(max-width: 406px) 100vw, 406px\" \/>\t\t\t\t\t\t\t\t\t\t\t\t\t\t\t<\/div>\n\t\t\t\t<\/div>\n\t\t\t\t<div class=\"elementor-element elementor-element-8d7272c elementor-widget elementor-widget-theme-post-title elementor-page-title elementor-widget-heading\" data-id=\"8d7272c\" data-element_type=\"widget\" data-widget_type=\"theme-post-title.default\">\n\t\t\t\t<div class=\"elementor-widget-container\">\n\t\t\t\t\t<h1 class=\"elementor-heading-title elementor-size-default\">Nota sobre Oposi\u00e7\u00e3o Assistencial 2025<\/h1>\t\t\t\t<\/div>\n\t\t\t\t<\/div>\n\t\t\t\t<div class=\"elementor-element elementor-element-6b88b59 elementor-widget elementor-widget-theme-post-excerpt\" data-id=\"6b88b59\" data-element_type=\"widget\" data-widget_type=\"theme-post-excerpt.default\">\n\t\t\t\t<div class=\"elementor-widget-container\">\n\t\t\t\t\t<p>Nota sobre oposi\u00e7\u00e3o assistencial &#8211; 2025 Conforme delibera\u00e7\u00f5es aprovadas em assembleia geral extraordin\u00e1ria realizada em 2024, posteriormente inclu\u00eddas na cl\u00e1usula 32\u00aa da Conven\u00e7\u00e3o Coletiva de ...\t\t\t\t<\/div>\n\t\t\t\t<\/div>\n\t\t\t\t<div class=\"elementor-element elementor-element-3b0ba6f elementor-widget elementor-widget-heading\" data-id=\"3b0ba6f\" data-element_type=\"widget\" data-widget_type=\"heading.default\">\n\t\t\t\t<div class=\"elementor-widget-container\">\n\t\t\t\t\t<h2 class=\"elementor-heading-title elementor-size-default\"><a href=\"https:\/\/seel-sp.org.br\/web\/nota-sobre-oposicao-assistencial-2025\/\">Leia mais...<\/a><\/h2>\t\t\t\t<\/div>\n\t\t\t\t<\/div>\n\t\t\t\t\t<\/div>\n\t\t\t\t<\/div>\n\t\t\t\t<\/div>\n\t\t\t\t<div data-elementor-type=\"loop-item\" data-elementor-id=\"432\" class=\"elementor elementor-432 e-loop-item e-loop-item-939 post-939 post type-post status-publish format-standard hentry category-convencoes-coletivas category-noticias category-novidades category-seel tag-atestados tag-auxilio-creche tag-equipamentos tag-jornada tag-medicos tag-plr tag-pontes tag-sindicalizacao tag-vestuario\" data-elementor-post-type=\"elementor_library\" data-custom-edit-handle=\"1\">\n\t\t\t<div class=\"elementor-element elementor-element-6103856 e-flex e-con-boxed e-con e-parent\" data-id=\"6103856\" data-element_type=\"container\">\n\t\t\t\t\t<div class=\"e-con-inner\">\n\t\t\t\t<div class=\"elementor-element elementor-element-8d7272c elementor-widget elementor-widget-theme-post-title elementor-page-title elementor-widget-heading\" data-id=\"8d7272c\" data-element_type=\"widget\" data-widget_type=\"theme-post-title.default\">\n\t\t\t\t<div class=\"elementor-widget-container\">\n\t\t\t\t\t<h1 class=\"elementor-heading-title elementor-size-default\">CONVEN\u00c7\u00c3O COLETIVA DE TRABALHO 2024\/2025<\/h1>\t\t\t\t<\/div>\n\t\t\t\t<\/div>\n\t\t\t\t<div class=\"elementor-element elementor-element-6b88b59 elementor-widget elementor-widget-theme-post-excerpt\" data-id=\"6b88b59\" data-element_type=\"widget\" data-widget_type=\"theme-post-excerpt.default\">\n\t\t\t\t<div class=\"elementor-widget-container\">\n\t\t\t\t\t<p>CONVEN\u00c7\u00c3O COLETIVA DE TRABALHO 2024\/2025N\u00daMERO DE REGISTRO NO MTE: SP011742\/2024DATA DE REGISTRO NO MTE: 12\/12\/2024N\u00daMERO DA SOLICITA\u00c7\u00c3O: MR061338\/2024N\u00daMERO DO PROCESSO: 19958.234429\/2024-01DATA DO PROTOCOLO: 28\/10\/2024 Confira ...\t\t\t\t<\/div>\n\t\t\t\t<\/div>\n\t\t\t\t<div class=\"elementor-element elementor-element-3b0ba6f elementor-widget elementor-widget-heading\" data-id=\"3b0ba6f\" data-element_type=\"widget\" data-widget_type=\"heading.default\">\n\t\t\t\t<div class=\"elementor-widget-container\">\n\t\t\t\t\t<h2 class=\"elementor-heading-title elementor-size-default\"><a href=\"https:\/\/seel-sp.org.br\/web\/convencao-coletiva-de-trabalho-2024-2025\/\">Leia mais...<\/a><\/h2>\t\t\t\t<\/div>\n\t\t\t\t<\/div>\n\t\t\t\t\t<\/div>\n\t\t\t\t<\/div>\n\t\t\t\t<\/div>\n\t\t\t\t<div data-elementor-type=\"loop-item\" data-elementor-id=\"432\" class=\"elementor elementor-432 e-loop-item e-loop-item-906 post-906 post type-post status-publish format-standard has-post-thumbnail hentry category-avisos category-convencoes-coletivas category-novidades tag-auxilio-creche tag-convencao-coletiva tag-negociacao tag-piso-normativo tag-plr\" data-elementor-post-type=\"elementor_library\" data-custom-edit-handle=\"1\">\n\t\t\t<div class=\"elementor-element elementor-element-6103856 e-flex e-con-boxed e-con e-parent\" data-id=\"6103856\" data-element_type=\"container\">\n\t\t\t\t\t<div class=\"e-con-inner\">\n\t\t\t\t<div class=\"elementor-element elementor-element-a7c786c elementor-widget elementor-widget-theme-post-featured-image elementor-widget-image\" data-id=\"a7c786c\" data-element_type=\"widget\" data-widget_type=\"theme-post-featured-image.default\">\n\t\t\t\t<div class=\"elementor-widget-container\">\n\t\t\t\t\t\t\t\t\t\t\t\t\t\t\t<img decoding=\"async\" width=\"768\" height=\"768\" src=\"https:\/\/seel-sp.org.br\/web\/wp-content\/uploads\/2023\/09\/Boletim-1-768x768.jpg\" class=\"attachment-medium_large size-medium_large wp-image-753\" alt=\"Conven\u00e7\u00e3o Coletiva 2024_2025\" srcset=\"https:\/\/seel-sp.org.br\/web\/wp-content\/uploads\/2023\/09\/Boletim-1-768x768.jpg 768w, https:\/\/seel-sp.org.br\/web\/wp-content\/uploads\/2023\/09\/Boletim-1-300x300.jpg 300w, https:\/\/seel-sp.org.br\/web\/wp-content\/uploads\/2023\/09\/Boletim-1-1024x1024.jpg 1024w, https:\/\/seel-sp.org.br\/web\/wp-content\/uploads\/2023\/09\/Boletim-1-150x150.jpg 150w, https:\/\/seel-sp.org.br\/web\/wp-content\/uploads\/2023\/09\/Boletim-1.jpg 1080w\" sizes=\"(max-width: 768px) 100vw, 768px\" \/>\t\t\t\t\t\t\t\t\t\t\t\t\t\t\t<\/div>\n\t\t\t\t<\/div>\n\t\t\t\t<div class=\"elementor-element elementor-element-8d7272c elementor-widget elementor-widget-theme-post-title elementor-page-title elementor-widget-heading\" data-id=\"8d7272c\" data-element_type=\"widget\" data-widget_type=\"theme-post-title.default\">\n\t\t\t\t<div class=\"elementor-widget-container\">\n\t\t\t\t\t<h1 class=\"elementor-heading-title elementor-size-default\">Comunicado aos Trabalhadores e Trabalhadoras em Editoras de Livros do Estado de S\u00e3o Paulo<\/h1>\t\t\t\t<\/div>\n\t\t\t\t<\/div>\n\t\t\t\t<div class=\"elementor-element elementor-element-6b88b59 elementor-widget elementor-widget-theme-post-excerpt\" data-id=\"6b88b59\" data-element_type=\"widget\" data-widget_type=\"theme-post-excerpt.default\">\n\t\t\t\t<div class=\"elementor-widget-container\">\n\t\t\t\t\t<p>O SINDICATO DOS TRABALHADORES EM EMPRESAS EDITORAS DE LIVROS, PUBLICA\u00c7\u00d5ES CULTURAIS E CATEGORIAS AFINS DO ESTADO DE S\u00c3O PAULO (SEEL-SP) e o SINDICATO NACIONAL DOS ...\t\t\t\t<\/div>\n\t\t\t\t<\/div>\n\t\t\t\t<div class=\"elementor-element elementor-element-3b0ba6f elementor-widget elementor-widget-heading\" data-id=\"3b0ba6f\" data-element_type=\"widget\" data-widget_type=\"heading.default\">\n\t\t\t\t<div class=\"elementor-widget-container\">\n\t\t\t\t\t<h2 class=\"elementor-heading-title elementor-size-default\"><a href=\"https:\/\/seel-sp.org.br\/web\/comunicado-aos-trabalhadores-e-trabalhadoras-em-editoras-de-livros-do-estado-de-sao-paulo\/\">Leia mais...<\/a><\/h2>\t\t\t\t<\/div>\n\t\t\t\t<\/div>\n\t\t\t\t\t<\/div>\n\t\t\t\t<\/div>\n\t\t\t\t<\/div>\n\t\t\t\t<div data-elementor-type=\"loop-item\" data-elementor-id=\"432\" class=\"elementor elementor-432 e-loop-item e-loop-item-164 post-164 post type-post status-publish format-standard has-post-thumbnail hentry category-novidades\" data-elementor-post-type=\"elementor_library\" data-custom-edit-handle=\"1\">\n\t\t\t<div class=\"elementor-element elementor-element-6103856 e-flex e-con-boxed e-con e-parent\" data-id=\"6103856\" data-element_type=\"container\">\n\t\t\t\t\t<div class=\"e-con-inner\">\n\t\t\t\t<div class=\"elementor-element elementor-element-a7c786c elementor-widget elementor-widget-theme-post-featured-image elementor-widget-image\" data-id=\"a7c786c\" data-element_type=\"widget\" data-widget_type=\"theme-post-featured-image.default\">\n\t\t\t\t<div class=\"elementor-widget-container\">\n\t\t\t\t\t\t\t\t\t\t\t\t\t\t\t<img loading=\"lazy\" decoding=\"async\" width=\"768\" height=\"768\" src=\"https:\/\/seel-sp.org.br\/web\/wp-content\/uploads\/2023\/09\/SEEL-ImagemDestacada-Exemplo-768x768.jpg\" class=\"attachment-medium_large size-medium_large wp-image-162\" alt=\"\" srcset=\"https:\/\/seel-sp.org.br\/web\/wp-content\/uploads\/2023\/09\/SEEL-ImagemDestacada-Exemplo-768x768.jpg 768w, https:\/\/seel-sp.org.br\/web\/wp-content\/uploads\/2023\/09\/SEEL-ImagemDestacada-Exemplo-300x300.jpg 300w, https:\/\/seel-sp.org.br\/web\/wp-content\/uploads\/2023\/09\/SEEL-ImagemDestacada-Exemplo-1024x1024.jpg 1024w, https:\/\/seel-sp.org.br\/web\/wp-content\/uploads\/2023\/09\/SEEL-ImagemDestacada-Exemplo-150x150.jpg 150w, https:\/\/seel-sp.org.br\/web\/wp-content\/uploads\/2023\/09\/SEEL-ImagemDestacada-Exemplo.jpg 1080w\" sizes=\"(max-width: 768px) 100vw, 768px\" \/>\t\t\t\t\t\t\t\t\t\t\t\t\t\t\t<\/div>\n\t\t\t\t<\/div>\n\t\t\t\t<div class=\"elementor-element elementor-element-8d7272c elementor-widget elementor-widget-theme-post-title elementor-page-title elementor-widget-heading\" data-id=\"8d7272c\" data-element_type=\"widget\" data-widget_type=\"theme-post-title.default\">\n\t\t\t\t<div class=\"elementor-widget-container\">\n\t\t\t\t\t<h1 class=\"elementor-heading-title elementor-size-default\">Sindicatos e a Era Digital: Estrat\u00e9gias para Comunicar e Mobilizar Online<\/h1>\t\t\t\t<\/div>\n\t\t\t\t<\/div>\n\t\t\t\t<div class=\"elementor-element elementor-element-6b88b59 elementor-widget elementor-widget-theme-post-excerpt\" data-id=\"6b88b59\" data-element_type=\"widget\" data-widget_type=\"theme-post-excerpt.default\">\n\t\t\t\t<div class=\"elementor-widget-container\">\n\t\t\t\t\t<p>No cora\u00e7\u00e3o da sociedade moderna, os sindicatos desempenham um papel vital na defesa dos direitos e interesses dos trabalhadores. Estes s\u00e3o os basti\u00f5es da justi\u00e7a ...\t\t\t\t<\/div>\n\t\t\t\t<\/div>\n\t\t\t\t<div class=\"elementor-element elementor-element-3b0ba6f elementor-widget elementor-widget-heading\" data-id=\"3b0ba6f\" data-element_type=\"widget\" data-widget_type=\"heading.default\">\n\t\t\t\t<div class=\"elementor-widget-container\">\n\t\t\t\t\t<h2 class=\"elementor-heading-title elementor-size-default\"><a href=\"https:\/\/seel-sp.org.br\/web\/sindicatos-e-a-era-digital-estrategias-para-comunicar-e-mobilizar-online\/\">Leia mais...<\/a><\/h2>\t\t\t\t<\/div>\n\t\t\t\t<\/div>\n\t\t\t\t\t<\/div>\n\t\t\t\t<\/div>\n\t\t\t\t<\/div>\n\t\t\t\t<\/div>\n\t\t\n\t\t\t\t\t\t<\/div>\n\t\t\t\t<\/div>\n\t\t\t\t\t<\/div>\n\t\t\t\t<\/div>\n\t\t\t\t<\/div>\n\t\t","protected":false},"excerpt":{"rendered":"<p>Novidades<\/p>\n","protected":false},"author":2,"featured_media":0,"parent":0,"menu_order":0,"comment_status":"closed","ping_status":"closed","template":"","meta":{"footnotes":""},"class_list":["post-612","page","type-page","status-publish","hentry"],"_links":{"self":[{"href":"https:\/\/seel-sp.org.br\/web\/wp-json\/wp\/v2\/pages\/612","targetHints":{"allow":["GET"]}}],"collection":[{"href":"https:\/\/seel-sp.org.br\/web\/wp-json\/wp\/v2\/pages"}],"about":[{"href":"https:\/\/seel-sp.org.br\/web\/wp-json\/wp\/v2\/types\/page"}],"author":[{"embeddable":true,"href":"https:\/\/seel-sp.org.br\/web\/wp-json\/wp\/v2\/users\/2"}],"replies":[{"embeddable":true,"href":"https:\/\/seel-sp.org.br\/web\/wp-json\/wp\/v2\/comments?post=612"}],"version-history":[{"count":4,"href":"https:\/\/seel-sp.org.br\/web\/wp-json\/wp\/v2\/pages\/612\/revisions"}],"predecessor-version":[{"id":616,"href":"https:\/\/seel-sp.org.br\/web\/wp-json\/wp\/v2\/pages\/612\/revisions\/616"}],"wp:attachment":[{"href":"https:\/\/seel-sp.org.br\/web\/wp-json\/wp\/v2\/media?parent=612"}],"curies":[{"name":"wp","href":"https:\/\/api.w.org\/{rel}","templated":true}]}}