{"id":190,"date":"2023-09-11T13:26:12","date_gmt":"2023-09-11T16:26:12","guid":{"rendered":"https:\/\/seel-sp.org.br\/web\/?page_id=190"},"modified":"2023-09-29T19:03:32","modified_gmt":"2023-09-29T22:03:32","slug":"atendimento-juridico","status":"publish","type":"page","link":"https:\/\/seel-sp.org.br\/web\/atendimento-juridico\/","title":{"rendered":"Atendimento Jur\u00eddico"},"content":{"rendered":"\t\t<div data-elementor-type=\"wp-page\" data-elementor-id=\"190\" class=\"elementor elementor-190\" data-elementor-post-type=\"page\">\n\t\t\t\t<div class=\"elementor-element elementor-element-adc3b09 e-flex e-con-boxed e-con e-parent\" data-id=\"adc3b09\" data-element_type=\"container\">\n\t\t\t\t\t<div class=\"e-con-inner\">\n\t\t\t\t<div class=\"elementor-element elementor-element-80c8987 elementor-widget elementor-widget-heading\" data-id=\"80c8987\" data-element_type=\"widget\" data-widget_type=\"heading.default\">\n\t\t\t\t<div class=\"elementor-widget-container\">\n\t\t\t\t\t<h2 class=\"elementor-heading-title elementor-size-default\">Apoio Jur\u00eddico<\/h2>\t\t\t\t<\/div>\n\t\t\t\t<\/div>\n\t\t\t\t<div class=\"elementor-element elementor-element-37c39811 elementor-widget elementor-widget-text-editor\" data-id=\"37c39811\" data-element_type=\"widget\" data-widget_type=\"text-editor.default\">\n\t\t\t\t<div class=\"elementor-widget-container\">\n\t\t\t\t\t\t\t\t\t\n<p>Voc\u00ea tem d\u00favidas de como sacar seu FGTS, ou de como calcular o tempo de servi\u00e7o e o valor da sua aposentadoria? Se voc\u00ea \u00e9 associado, basta agendar uma consultoria no Plant\u00e3o Jur\u00eddico. E se o caso envolver a\u00e7\u00f5es trabalhistas, o SEEL faz um acompanhamento completo, orientando, encaminhando processos burocr\u00e1ticos e fazendo todas as representa\u00e7\u00f5es necess\u00e1rias. O Departamento Jur\u00eddico do SEEL tamb\u00e9m \u00e9 respons\u00e1vel por todas as homologa\u00e7\u00f5es. Com a assessoria da nossa equipe de advogados, o trabalhador fica tranquilo sabendo que sua rescis\u00e3o n\u00e3o apresenta nenhuma irregularidade.<\/p>\n\n\n\n<p>Agendamento pelo e-mail: <a href=\"mailto:seel@seel.com.br\" target=\"_blank\" rel=\"noreferrer noopener\">seel@seel.com.br<\/a><\/p>\n\n\n\n<p>Para mais informa\u00e7\u00f5es e orienta\u00e7\u00f5es, ligue para 5908-8230 (das 9h \u00e0s 17h).<\/p>\n\t\t\t\t\t\t\t\t<\/div>\n\t\t\t\t<\/div>\n\t\t\t\t\t<\/div>\n\t\t\t\t<\/div>\n\t\t\t\t<\/div>\n\t\t","protected":false},"excerpt":{"rendered":"<p>Apoio Jur\u00eddico Voc\u00ea tem d\u00favidas de como sacar seu FGTS, ou de como calcular o tempo de servi\u00e7o e o valor da sua aposentadoria? Se voc\u00ea \u00e9 associado, basta agendar uma consultoria no Plant\u00e3o Jur\u00eddico. E se o caso envolver a\u00e7\u00f5es trabalhistas, o SEEL faz um acompanhamento completo, orientando, encaminhando processos burocr\u00e1ticos e fazendo todas [&hellip;]<\/p>\n","protected":false},"author":2,"featured_media":0,"parent":0,"menu_order":0,"comment_status":"closed","ping_status":"closed","template":"elementor_header_footer","meta":{"footnotes":""},"class_list":["post-190","page","type-page","status-publish","hentry"],"_links":{"self":[{"href":"https:\/\/seel-sp.org.br\/web\/wp-json\/wp\/v2\/pages\/190","targetHints":{"allow":["GET"]}}],"collection":[{"href":"https:\/\/seel-sp.org.br\/web\/wp-json\/wp\/v2\/pages"}],"about":[{"href":"https:\/\/seel-sp.org.br\/web\/wp-json\/wp\/v2\/types\/page"}],"author":[{"embeddable":true,"href":"https:\/\/seel-sp.org.br\/web\/wp-json\/wp\/v2\/users\/2"}],"replies":[{"embeddable":true,"href":"https:\/\/seel-sp.org.br\/web\/wp-json\/wp\/v2\/comments?post=190"}],"version-history":[{"count":10,"href":"https:\/\/seel-sp.org.br\/web\/wp-json\/wp\/v2\/pages\/190\/revisions"}],"predecessor-version":[{"id":856,"href":"https:\/\/seel-sp.org.br\/web\/wp-json\/wp\/v2\/pages\/190\/revisions\/856"}],"wp:attachment":[{"href":"https:\/\/seel-sp.org.br\/web\/wp-json\/wp\/v2\/media?parent=190"}],"curies":[{"name":"wp","href":"https:\/\/api.w.org\/{rel}","templated":true}]}}