{"id":185,"date":"2023-09-11T13:21:21","date_gmt":"2023-09-11T16:21:21","guid":{"rendered":"https:\/\/seel-sp.org.br\/web\/?page_id=185"},"modified":"2023-09-29T18:59:48","modified_gmt":"2023-09-29T21:59:48","slug":"historia","status":"publish","type":"page","link":"https:\/\/seel-sp.org.br\/web\/historia\/","title":{"rendered":"Hist\u00f3ria"},"content":{"rendered":"\t\t<div data-elementor-type=\"wp-page\" data-elementor-id=\"185\" class=\"elementor elementor-185\" data-elementor-post-type=\"page\">\n\t\t\t\t<div class=\"elementor-element elementor-element-7cebb580 e-flex e-con-boxed e-con e-parent\" data-id=\"7cebb580\" data-element_type=\"container\">\n\t\t\t\t\t<div class=\"e-con-inner\">\n\t\t\t\t<div class=\"elementor-element elementor-element-60e1916 elementor-widget elementor-widget-heading\" data-id=\"60e1916\" data-element_type=\"widget\" data-widget_type=\"heading.default\">\n\t\t\t\t<div class=\"elementor-widget-container\">\n\t\t\t\t\t<h2 class=\"elementor-heading-title elementor-size-default\">Uma Hist\u00f3ria de luta pelos direitos dos trabalhadores em editoras<\/h2>\t\t\t\t<\/div>\n\t\t\t\t<\/div>\n\t\t\t\t<div class=\"elementor-element elementor-element-33c074fe elementor-widget elementor-widget-text-editor\" data-id=\"33c074fe\" data-element_type=\"widget\" data-widget_type=\"text-editor.default\">\n\t\t\t\t<div class=\"elementor-widget-container\">\n\t\t\t\t\t\t\t\t\t<p>O SEEL (Sindicato dos Empregados em Editoras de Livros, Publica\u00e7\u00f5es Culturais e Categorias Afins do Estado de S\u00e3o Paulo), nasceu oficialmente em 6 de dezembro de 1960, data em que foi reconhecido pelo Minist\u00e9rio do Trabalho como entidade sindical representativa da categoria profissional dos empregados em editoras.<\/p>\n<!-- \/wp:paragraph -->\n\n<!-- wp:paragraph -->\n<p>Naquele momento o Brasil passava por um dos per\u00edodos mais conturbados de sua hist\u00f3ria, que resultou no golpe militar de 1964 e, posteriormente, em 1968, no famigerado Ato Institucional no 5 (AI 5); decreto que dava respaldo legal para as autoridades militares prenderem e coagirem os cidad\u00e3os de forma arbitr\u00e1ria e violenta.<\/p>\n<!-- \/wp:paragraph -->\n\n<!-- wp:paragraph -->\n<p>Mesmo imerso em um cen\u00e1rio perigoso e turbulento, a entidade conseguiu resistir e, a partir 1979, com o arrefecimento da ala militar e o in\u00edcio de um processo de redemocradiza\u00e7\u00e3o do pa\u00eds, passou a se desenvolver de maneira mais participativa junto aos trabalhadores, visitando editoras e fazendo campanhas de sindicaliza\u00e7\u00e3o.<\/p>\n<!-- \/wp:paragraph -->\n\n<!-- wp:paragraph -->\n<p>Na d\u00e9cada 1980, marcada pelo Diretas J\u00e1 \u2013 movimento civil que reivindicava o voto direto nas elei\u00e7\u00f5es presidenciais \u2013, o SEEL, articulado com entidades como o Sindicato dos Jornalistas, o Sindicato dos Radialistas e o Sindicato dos Gr\u00e1ficos, direcionou sua atua\u00e7\u00e3o em prol de uma unidade de trabalhadores na \u00e1rea de comunica\u00e7\u00e3o. Foi no in\u00edcio desta d\u00e9cada tamb\u00e9m que o sindicato uniu-se a centenas de outras entidades representativas, e ajudou a fortalecer a luta para a cria\u00e7\u00e3o de uma central sindical; visando uma representatividade mais efetiva dos trabalhadores frente \u00e0s pol\u00edticas governamentais. O resultado desta uni\u00e3o foi a cria\u00e7\u00e3o, em 1983, da CUT \u2013 Central \u00danica dos Trabalhadores.<\/p>\n<!-- \/wp:paragraph -->\n\n<!-- wp:paragraph -->\n<p>Durante todo este per\u00edodo, o SEEL articulou-se com v\u00e1rias entidades em prol da a consolida\u00e7\u00e3o da democracia, do desenvolvimento social, da melhor distribui\u00e7\u00e3o de renda, inclus\u00e3o social e emancipa\u00e7\u00e3o pol\u00edtica e econ\u00f4mica dos trabalhadores. Paralelamente a isso, sempre defendeu a pauta espec\u00edfica dos profissionais em editora. No ano de 1990, as privatiza\u00e7\u00f5es cresceram de modo desenfreado e trouxeram consequ\u00eancias desastrosas aos trabalhadores. Os sindicatos, de um modo geral, buscavam fortalecimento para enfrentar os desafios impostos pela pol\u00edtica neoliberal que havia sido introduzida no pa\u00eds. Era o momento de buscar um crescimento mais estruturado e direcionado e que foi orientado pela filia\u00e7\u00e3o do SEEL \u00e0 CUT.<\/p>\n<!-- \/wp:paragraph -->\n\n<!-- wp:paragraph -->\n<p>Desde ent\u00e3o, o SEEL tem obtido um crescimento constante. Hoje, temos uma organiza\u00e7\u00e3o \u00e1gil e eficiente, que inclui equipe de advogados e representantes qualificados em quest\u00f5es trabalhistas, al\u00e9m de amplo suporte aos associados em quest\u00f5es jur\u00eddicas. Os benef\u00edcios que oferecemos para os nossos associados tiveram um salto tanto na quantidade, como na qualidade. Dispomos de consult\u00f3rio dent\u00e1rio, conv\u00eanios com institui\u00e7\u00f5es de ensino, descontos em eventos de cultura e lazer, al\u00e9m de canais de informa\u00e7\u00f5es espec\u00edficos para a categoria como o Jornal Original e o novo site, que visa fortalecer a comunica\u00e7\u00e3o com o associado para melhor atender suas demandas.<\/p>\n<!-- \/wp:paragraph -->\n\n<!-- wp:paragraph -->\n<p>Continuamos ativos, fortes, persistentes e mobilizados na luta para defender os direitos dos trabalhadores. Junto com a CUT, reivindicamos constantemente as mudan\u00e7as na pol\u00edtica econ\u00f4mica e o atendimento da nossa pauta trabalhista: fim do fato previdenci\u00e1rio; redu\u00e7\u00e3o da jornada de trabalho de 44 para 40 horas semanais sem a redu\u00e7\u00e3o salarial; reajuste digno para os aposentados; mais investimentos em educa\u00e7\u00e3o e sa\u00fade de qualidade; fim do Projeto de Lei 4330, que amplia a terceiriza\u00e7\u00e3o; reforma agr\u00e1ria e fim dos leil\u00f5es do petr\u00f3leo. Atualmente, o SEEL encontra-se em fase de plena expans\u00e3o, aumentando a base de associados e ampliando sua atua\u00e7\u00e3o em editoras da capital e interior, auxiliando na cria\u00e7\u00e3o de comiss\u00f5es de trabalhadores e ajudando a desenvolver o setor editorial, lutando por pr\u00e1ticas mais justas e igualit\u00e1rias de condi\u00e7\u00f5es de trabalho e remunera\u00e7\u00e3o. Defender o trabalhador e as conquistas trabalhistas obtidas at\u00e9 o momento sempre foi e continuar\u00e1 sendo o nosso principal escopo.<\/p>\n<!-- \/wp:paragraph -->\t\t\t\t\t\t\t\t<\/div>\n\t\t\t\t<\/div>\n\t\t\t\t<div class=\"elementor-element elementor-element-df1b88e elementor-widget elementor-widget-button\" data-id=\"df1b88e\" data-element_type=\"widget\" data-widget_type=\"button.default\">\n\t\t\t\t<div class=\"elementor-widget-container\">\n\t\t\t\t\t\t\t\t\t<div class=\"elementor-button-wrapper\">\n\t\t\t\t\t<a class=\"elementor-button elementor-size-lg\" role=\"button\">\n\t\t\t\t\t\t<span class=\"elementor-button-content-wrapper\">\n\t\t\t\t\t\t\t\t\t<span class=\"elementor-button-text\">Preencha a Ficha de Sindicaliza\u00e7\u00e3o<\/span>\n\t\t\t\t\t<\/span>\n\t\t\t\t\t<\/a>\n\t\t\t\t<\/div>\n\t\t\t\t\t\t\t\t<\/div>\n\t\t\t\t<\/div>\n\t\t\t\t\t<\/div>\n\t\t\t\t<\/div>\n\t\t\t\t<\/div>\n\t\t","protected":false},"excerpt":{"rendered":"<p>Uma Hist\u00f3ria de luta pelos direitos dos trabalhadores em editoras O SEEL (Sindicato dos Empregados em Editoras de Livros, Publica\u00e7\u00f5es Culturais e Categorias Afins do Estado de S\u00e3o Paulo), nasceu oficialmente em 6 de dezembro de 1960, data em que foi reconhecido pelo Minist\u00e9rio do Trabalho como entidade sindical representativa da categoria profissional dos empregados [&hellip;]<\/p>\n","protected":false},"author":2,"featured_media":0,"parent":0,"menu_order":0,"comment_status":"closed","ping_status":"closed","template":"elementor_header_footer","meta":{"footnotes":""},"class_list":["post-185","page","type-page","status-publish","hentry"],"_links":{"self":[{"href":"https:\/\/seel-sp.org.br\/web\/wp-json\/wp\/v2\/pages\/185","targetHints":{"allow":["GET"]}}],"collection":[{"href":"https:\/\/seel-sp.org.br\/web\/wp-json\/wp\/v2\/pages"}],"about":[{"href":"https:\/\/seel-sp.org.br\/web\/wp-json\/wp\/v2\/types\/page"}],"author":[{"embeddable":true,"href":"https:\/\/seel-sp.org.br\/web\/wp-json\/wp\/v2\/users\/2"}],"replies":[{"embeddable":true,"href":"https:\/\/seel-sp.org.br\/web\/wp-json\/wp\/v2\/comments?post=185"}],"version-history":[{"count":13,"href":"https:\/\/seel-sp.org.br\/web\/wp-json\/wp\/v2\/pages\/185\/revisions"}],"predecessor-version":[{"id":837,"href":"https:\/\/seel-sp.org.br\/web\/wp-json\/wp\/v2\/pages\/185\/revisions\/837"}],"wp:attachment":[{"href":"https:\/\/seel-sp.org.br\/web\/wp-json\/wp\/v2\/media?parent=185"}],"curies":[{"name":"wp","href":"https:\/\/api.w.org\/{rel}","templated":true}]}}